{"id":4586,"date":"2021-12-12T16:56:58","date_gmt":"2021-12-12T19:56:58","guid":{"rendered":"https:\/\/wine.guiaonlinecursos.com.br\/?post_type=product&#038;p=4586"},"modified":"2024-02-22T18:47:51","modified_gmt":"2024-02-22T21:47:51","slug":"domus-aurea","status":"publish","type":"product","link":"https:\/\/wine.guiaonlinecursos.com.br\/index.php\/product\/domus-aurea\/","title":{"rendered":"Domus aurea"},"content":{"rendered":"","protected":false},"excerpt":{"rendered":"<p>Considerado um dos melhores Cabernets do Chile por publica\u00e7\u00f5es especializadas, \u00e9 uma sele\u00e7\u00e3o dos melhores lotes, mais ricos e representativos do estilo do Alto Maipo. O vinho \u00e9 volumoso, macio e extremamente complexo, com notas terrosas, frutas muito maduras e o leve mentolado t\u00edpico da regi\u00e3o.<\/p>\n","protected":false},"featured_media":4646,"template":"","meta":{"site-sidebar-layout":"default","site-content-layout":"default","ast-main-header-display":"","ast-hfb-above-header-display":"","ast-hfb-below-header-display":"","ast-hfb-mobile-header-display":"","site-post-title":"","ast-breadcrumbs-content":"","ast-featured-img":"","footer-sml-layout":"","theme-transparent-header-meta":"default","adv-header-id-meta":"","stick-header-meta":"","header-above-stick-meta":"","header-main-stick-meta":"","header-below-stick-meta":""},"product_cat":[53],"product_tag":[33],"aioseo_notices":[],"_links":{"self":[{"href":"https:\/\/wine.guiaonlinecursos.com.br\/index.php\/wp-json\/wp\/v2\/product\/4586"}],"collection":[{"href":"https:\/\/wine.guiaonlinecursos.com.br\/index.php\/wp-json\/wp\/v2\/product"}],"about":[{"href":"https:\/\/wine.guiaonlinecursos.com.br\/index.php\/wp-json\/wp\/v2\/types\/product"}],"wp:featuredmedia":[{"embeddable":true,"href":"https:\/\/wine.guiaonlinecursos.com.br\/index.php\/wp-json\/wp\/v2\/media\/4646"}],"wp:attachment":[{"href":"https:\/\/wine.guiaonlinecursos.com.br\/index.php\/wp-json\/wp\/v2\/media?parent=4586"}],"wp:term":[{"taxonomy":"product_cat","embeddable":true,"href":"https:\/\/wine.guiaonlinecursos.com.br\/index.php\/wp-json\/wp\/v2\/product_cat?post=4586"},{"taxonomy":"product_tag","embeddable":true,"href":"https:\/\/wine.guiaonlinecursos.com.br\/index.php\/wp-json\/wp\/v2\/product_tag?post=4586"}],"curies":[{"name":"wp","href":"https:\/\/api.w.org\/{rel}","templated":true}]}}