{"id":4669,"date":"2021-12-22T09:51:53","date_gmt":"2021-12-22T12:51:53","guid":{"rendered":"https:\/\/wine.guiaonlinecursos.com.br\/?post_type=product&#038;p=4669"},"modified":"2023-10-09T16:16:35","modified_gmt":"2023-10-09T19:16:35","slug":"cousino-macul-antiga-reserva","status":"publish","type":"product","link":"https:\/\/wine.guiaonlinecursos.com.br\/index.php\/product\/cousino-macul-antiga-reserva\/","title":{"rendered":"Cousino Macul Antiguas Reservas 750ml"},"content":{"rendered":"","protected":false},"excerpt":{"rendered":"<p>Na boca, s\u00e3o percebidas acidez m\u00e9dia-alta, sensa\u00e7\u00e3o doce e suave, taninos redondos not\u00f3rios e muito frutado. \u00c9 um vinho elegante, encaracolado, fresco e frutado, com final longo e persist\u00eancia.<\/p>\n","protected":false},"featured_media":4723,"template":"","meta":{"site-sidebar-layout":"default","site-content-layout":"default","ast-main-header-display":"","ast-hfb-above-header-display":"","ast-hfb-below-header-display":"","ast-hfb-mobile-header-display":"","site-post-title":"","ast-breadcrumbs-content":"","ast-featured-img":"","footer-sml-layout":"","theme-transparent-header-meta":"default","adv-header-id-meta":"","stick-header-meta":"","header-above-stick-meta":"","header-main-stick-meta":"","header-below-stick-meta":""},"product_cat":[53],"product_tag":[],"aioseo_notices":[],"_links":{"self":[{"href":"https:\/\/wine.guiaonlinecursos.com.br\/index.php\/wp-json\/wp\/v2\/product\/4669"}],"collection":[{"href":"https:\/\/wine.guiaonlinecursos.com.br\/index.php\/wp-json\/wp\/v2\/product"}],"about":[{"href":"https:\/\/wine.guiaonlinecursos.com.br\/index.php\/wp-json\/wp\/v2\/types\/product"}],"wp:featuredmedia":[{"embeddable":true,"href":"https:\/\/wine.guiaonlinecursos.com.br\/index.php\/wp-json\/wp\/v2\/media\/4723"}],"wp:attachment":[{"href":"https:\/\/wine.guiaonlinecursos.com.br\/index.php\/wp-json\/wp\/v2\/media?parent=4669"}],"wp:term":[{"taxonomy":"product_cat","embeddable":true,"href":"https:\/\/wine.guiaonlinecursos.com.br\/index.php\/wp-json\/wp\/v2\/product_cat?post=4669"},{"taxonomy":"product_tag","embeddable":true,"href":"https:\/\/wine.guiaonlinecursos.com.br\/index.php\/wp-json\/wp\/v2\/product_tag?post=4669"}],"curies":[{"name":"wp","href":"https:\/\/api.w.org\/{rel}","templated":true}]}}