{"id":4680,"date":"2021-12-22T10:35:13","date_gmt":"2021-12-22T13:35:13","guid":{"rendered":"https:\/\/wine.guiaonlinecursos.com.br\/?post_type=product&#038;p=4680"},"modified":"2022-04-04T20:22:36","modified_gmt":"2022-04-04T23:22:36","slug":"edzione","status":"publish","type":"product","link":"https:\/\/wine.guiaonlinecursos.com.br\/index.php\/product\/edzione\/","title":{"rendered":"Edzione"},"content":{"rendered":"","protected":false},"excerpt":{"rendered":"<p>Vermelho granada intenso, aroma dominado por frutas vermelhas e negras com toque de tabaco e tostado em seu final. Na boca se mostra intenso e muito bem estruturado, de textura macia, taninos elegantes e final de boca marcante e persistencia longa marcada por notas de baunilha e chocolate. Um vinho marcante e de grande equil\u00edbrio. Ideal acompanhando carnes vermelhas, ca\u00e7as com molhos ricos e queijos de m\u00e9dia matura\u00e7\u00e3o.<\/p>\n","protected":false},"featured_media":4681,"template":"","meta":{"site-sidebar-layout":"default","site-content-layout":"default","ast-main-header-display":"","ast-hfb-above-header-display":"","ast-hfb-below-header-display":"","ast-hfb-mobile-header-display":"","site-post-title":"","ast-breadcrumbs-content":"","ast-featured-img":"","footer-sml-layout":"","theme-transparent-header-meta":"default","adv-header-id-meta":"","stick-header-meta":"","header-above-stick-meta":"","header-main-stick-meta":"","header-below-stick-meta":""},"product_cat":[68],"product_tag":[],"aioseo_notices":[],"_links":{"self":[{"href":"https:\/\/wine.guiaonlinecursos.com.br\/index.php\/wp-json\/wp\/v2\/product\/4680"}],"collection":[{"href":"https:\/\/wine.guiaonlinecursos.com.br\/index.php\/wp-json\/wp\/v2\/product"}],"about":[{"href":"https:\/\/wine.guiaonlinecursos.com.br\/index.php\/wp-json\/wp\/v2\/types\/product"}],"wp:featuredmedia":[{"embeddable":true,"href":"https:\/\/wine.guiaonlinecursos.com.br\/index.php\/wp-json\/wp\/v2\/media\/4681"}],"wp:attachment":[{"href":"https:\/\/wine.guiaonlinecursos.com.br\/index.php\/wp-json\/wp\/v2\/media?parent=4680"}],"wp:term":[{"taxonomy":"product_cat","embeddable":true,"href":"https:\/\/wine.guiaonlinecursos.com.br\/index.php\/wp-json\/wp\/v2\/product_cat?post=4680"},{"taxonomy":"product_tag","embeddable":true,"href":"https:\/\/wine.guiaonlinecursos.com.br\/index.php\/wp-json\/wp\/v2\/product_tag?post=4680"}],"curies":[{"name":"wp","href":"https:\/\/api.w.org\/{rel}","templated":true}]}}