{"id":4763,"date":"2022-01-01T17:39:35","date_gmt":"2022-01-01T20:39:35","guid":{"rendered":"https:\/\/wine.guiaonlinecursos.com.br\/?post_type=product&#038;p=4763"},"modified":"2022-08-29T19:24:09","modified_gmt":"2022-08-29T22:24:09","slug":"chadwick","status":"publish","type":"product","link":"https:\/\/wine.guiaonlinecursos.com.br\/index.php\/product\/chadwick\/","title":{"rendered":"Chadwick"},"content":{"rendered":"","protected":false},"excerpt":{"rendered":"<p>Sua complexidade arom\u00e1tica nos faz lembrar frutas roxas maduras e groselha com toque de tabaco, especiarias doces e caf\u00e9. No palato \u00e9 muito elegante, possui taninos finos, uma estrutura rica em textura entrela\u00e7ado com uma boa acidez e um longo e saboroso final.<\/p>\n","protected":false},"featured_media":4764,"template":"","meta":{"site-sidebar-layout":"default","site-content-layout":"default","ast-main-header-display":"","ast-hfb-above-header-display":"","ast-hfb-below-header-display":"","ast-hfb-mobile-header-display":"","site-post-title":"","ast-breadcrumbs-content":"","ast-featured-img":"","footer-sml-layout":"","theme-transparent-header-meta":"default","adv-header-id-meta":"","stick-header-meta":"","header-above-stick-meta":"","header-main-stick-meta":"","header-below-stick-meta":""},"product_cat":[53],"product_tag":[],"aioseo_notices":[],"_links":{"self":[{"href":"https:\/\/wine.guiaonlinecursos.com.br\/index.php\/wp-json\/wp\/v2\/product\/4763"}],"collection":[{"href":"https:\/\/wine.guiaonlinecursos.com.br\/index.php\/wp-json\/wp\/v2\/product"}],"about":[{"href":"https:\/\/wine.guiaonlinecursos.com.br\/index.php\/wp-json\/wp\/v2\/types\/product"}],"wp:featuredmedia":[{"embeddable":true,"href":"https:\/\/wine.guiaonlinecursos.com.br\/index.php\/wp-json\/wp\/v2\/media\/4764"}],"wp:attachment":[{"href":"https:\/\/wine.guiaonlinecursos.com.br\/index.php\/wp-json\/wp\/v2\/media?parent=4763"}],"wp:term":[{"taxonomy":"product_cat","embeddable":true,"href":"https:\/\/wine.guiaonlinecursos.com.br\/index.php\/wp-json\/wp\/v2\/product_cat?post=4763"},{"taxonomy":"product_tag","embeddable":true,"href":"https:\/\/wine.guiaonlinecursos.com.br\/index.php\/wp-json\/wp\/v2\/product_tag?post=4763"}],"curies":[{"name":"wp","href":"https:\/\/api.w.org\/{rel}","templated":true}]}}