{"id":4854,"date":"2022-04-04T20:13:14","date_gmt":"2022-04-04T23:13:14","guid":{"rendered":"https:\/\/wine.guiaonlinecursos.com.br\/?post_type=product&#038;p=4854"},"modified":"2022-04-04T20:13:14","modified_gmt":"2022-04-04T23:13:14","slug":"tarapaca-etiqueta-azul","status":"publish","type":"product","link":"https:\/\/wine.guiaonlinecursos.com.br\/index.php\/product\/tarapaca-etiqueta-azul\/","title":{"rendered":"Tarapac\u00e1 Etiqueta Azul"},"content":{"rendered":"<p>Trata-se\u00a0de um corte majoritariamente de cabernet sauvignon (54%) mesclada<br \/>\n\u00e0s variedades syrah, petit verdot e cabernet franc, com fermenta\u00e7\u00e3o<br \/>\na frio seguida de fermenta\u00e7\u00e3o alco\u00f3lica e macera\u00e7\u00e3o\u00a0p\u00f3s-fermentativa.<br \/>\nDurante o est\u00e1gio do vinho em barricas francesas<br \/>\n(50% novas e 50% usadas), acontece a fermenta\u00e7\u00e3o malol\u00e1tica.<\/p>\n<p>O resultado\u00a0\u00e9 um tinto de alto n\u00edvel, repleto de fruta preta madura, como<br \/>\namora, ameixa e cassis, e camadas de notas de tabaco, couro e toques<br \/>\nvegetais caracter\u00edsticos da cabernet franc.<\/p>\n","protected":false},"excerpt":{"rendered":"<p>Trata-se\u00a0de um corte majoritariamente de cabernet sauvignon (54%) mesclada \u00e0s variedades syrah, petit verdot e cabernet franc, com fermenta\u00e7\u00e3o a frio seguida de fermenta\u00e7\u00e3o alco\u00f3lica e macera\u00e7\u00e3o\u00a0p\u00f3s-fermentativa. Durante o est\u00e1gio do vinho em barricas francesas (50% novas e 50% usadas), acontece a fermenta\u00e7\u00e3o malol\u00e1tica. O resultado\u00a0\u00e9 um tinto de alto n\u00edvel, repleto de fruta preta &hellip;<\/p>\n<p class=\"read-more\"> <a class=\"\" href=\"https:\/\/wine.guiaonlinecursos.com.br\/index.php\/product\/tarapaca-etiqueta-azul\/\"> <span class=\"screen-reader-text\">Tarapac\u00e1 Etiqueta Azul<\/span> Leia mais &raquo;<\/a><\/p>\n","protected":false},"featured_media":4855,"template":"","meta":{"site-sidebar-layout":"default","site-content-layout":"default","ast-main-header-display":"","ast-hfb-above-header-display":"","ast-hfb-below-header-display":"","ast-hfb-mobile-header-display":"","site-post-title":"","ast-breadcrumbs-content":"","ast-featured-img":"","footer-sml-layout":"","theme-transparent-header-meta":"default","adv-header-id-meta":"","stick-header-meta":"","header-above-stick-meta":"","header-main-stick-meta":"","header-below-stick-meta":""},"product_cat":[53],"product_tag":[],"aioseo_notices":[],"_links":{"self":[{"href":"https:\/\/wine.guiaonlinecursos.com.br\/index.php\/wp-json\/wp\/v2\/product\/4854"}],"collection":[{"href":"https:\/\/wine.guiaonlinecursos.com.br\/index.php\/wp-json\/wp\/v2\/product"}],"about":[{"href":"https:\/\/wine.guiaonlinecursos.com.br\/index.php\/wp-json\/wp\/v2\/types\/product"}],"wp:featuredmedia":[{"embeddable":true,"href":"https:\/\/wine.guiaonlinecursos.com.br\/index.php\/wp-json\/wp\/v2\/media\/4855"}],"wp:attachment":[{"href":"https:\/\/wine.guiaonlinecursos.com.br\/index.php\/wp-json\/wp\/v2\/media?parent=4854"}],"wp:term":[{"taxonomy":"product_cat","embeddable":true,"href":"https:\/\/wine.guiaonlinecursos.com.br\/index.php\/wp-json\/wp\/v2\/product_cat?post=4854"},{"taxonomy":"product_tag","embeddable":true,"href":"https:\/\/wine.guiaonlinecursos.com.br\/index.php\/wp-json\/wp\/v2\/product_tag?post=4854"}],"curies":[{"name":"wp","href":"https:\/\/api.w.org\/{rel}","templated":true}]}}