{"id":4868,"date":"2022-08-14T11:57:44","date_gmt":"2022-08-14T14:57:44","guid":{"rendered":"https:\/\/wine.guiaonlinecursos.com.br\/?post_type=product&#038;p=4868"},"modified":"2022-08-14T11:57:44","modified_gmt":"2022-08-14T14:57:44","slug":"brunello-banfi","status":"publish","type":"product","link":"https:\/\/wine.guiaonlinecursos.com.br\/index.php\/product\/brunello-banfi\/","title":{"rendered":"Brunello Banfi"},"content":{"rendered":"<p>O grande cl\u00e1ssico da Castello Banfi, este Brunello di Montalcino \u00e9 obtido a partir de clones de Sangiovese selecionados ap\u00f3s 20 anos de pesquisas sobre esta uva \u00fanica. A partir do melhor blend da regi\u00e3o o vinho estagia em carvalho durante 24 meses garantindo \u00f3timo equil\u00edbrio entre madeira e fruta. A combina\u00e7\u00e3o mais<br \/>\naristocr\u00e1tica unindo a tradi\u00e7\u00e3o de Montalcino com a modernidade.<\/p>\n","protected":false},"excerpt":{"rendered":"<p>O grande cl\u00e1ssico da Castello Banfi, este Brunello di Montalcino \u00e9 obtido a partir de clones de Sangiovese selecionados ap\u00f3s 20 anos de pesquisas sobre esta uva \u00fanica. A partir do melhor blend da regi\u00e3o o vinho estagia em carvalho durante 24 meses garantindo \u00f3timo equil\u00edbrio entre madeira e fruta. A combina\u00e7\u00e3o mais aristocr\u00e1tica unindo &hellip;<\/p>\n<p class=\"read-more\"> <a class=\"\" href=\"https:\/\/wine.guiaonlinecursos.com.br\/index.php\/product\/brunello-banfi\/\"> <span class=\"screen-reader-text\">Brunello Banfi<\/span> Leia mais &raquo;<\/a><\/p>\n","protected":false},"featured_media":4869,"template":"","meta":{"site-sidebar-layout":"default","site-content-layout":"default","ast-main-header-display":"","ast-hfb-above-header-display":"","ast-hfb-below-header-display":"","ast-hfb-mobile-header-display":"","site-post-title":"","ast-breadcrumbs-content":"","ast-featured-img":"","footer-sml-layout":"","theme-transparent-header-meta":"default","adv-header-id-meta":"","stick-header-meta":"","header-above-stick-meta":"","header-main-stick-meta":"","header-below-stick-meta":""},"product_cat":[68],"product_tag":[],"aioseo_notices":[],"_links":{"self":[{"href":"https:\/\/wine.guiaonlinecursos.com.br\/index.php\/wp-json\/wp\/v2\/product\/4868"}],"collection":[{"href":"https:\/\/wine.guiaonlinecursos.com.br\/index.php\/wp-json\/wp\/v2\/product"}],"about":[{"href":"https:\/\/wine.guiaonlinecursos.com.br\/index.php\/wp-json\/wp\/v2\/types\/product"}],"wp:featuredmedia":[{"embeddable":true,"href":"https:\/\/wine.guiaonlinecursos.com.br\/index.php\/wp-json\/wp\/v2\/media\/4869"}],"wp:attachment":[{"href":"https:\/\/wine.guiaonlinecursos.com.br\/index.php\/wp-json\/wp\/v2\/media?parent=4868"}],"wp:term":[{"taxonomy":"product_cat","embeddable":true,"href":"https:\/\/wine.guiaonlinecursos.com.br\/index.php\/wp-json\/wp\/v2\/product_cat?post=4868"},{"taxonomy":"product_tag","embeddable":true,"href":"https:\/\/wine.guiaonlinecursos.com.br\/index.php\/wp-json\/wp\/v2\/product_tag?post=4868"}],"curies":[{"name":"wp","href":"https:\/\/api.w.org\/{rel}","templated":true}]}}