{"id":4871,"date":"2022-08-14T11:59:37","date_gmt":"2022-08-14T14:59:37","guid":{"rendered":"https:\/\/wine.guiaonlinecursos.com.br\/?post_type=product&#038;p=4871"},"modified":"2022-08-14T11:59:37","modified_gmt":"2022-08-14T14:59:37","slug":"monte-do-pintor","status":"publish","type":"product","link":"https:\/\/wine.guiaonlinecursos.com.br\/index.php\/product\/monte-do-pintor\/","title":{"rendered":"Monte Do Pintor"},"content":{"rendered":"<p>O vinho tinto Monte do Pintor \u00e9 um alentejano com uvas aut\u00f3ctones. Jovem, este vinho apresenta boa complexidade, uma certa acidez e bons taninos. \u00d3tima escolha para acompanhar bons momentos com amigos.<br \/>\nEstagiou 12 meses em barricas de carvalho franc\u00eas Allier de segundo uso e 6 meses em garrafa.<\/p>\n","protected":false},"excerpt":{"rendered":"<p>O vinho tinto Monte do Pintor \u00e9 um alentejano com uvas aut\u00f3ctones. Jovem, este vinho apresenta boa complexidade, uma certa acidez e bons taninos. \u00d3tima escolha para acompanhar bons momentos com amigos. Estagiou 12 meses em barricas de carvalho franc\u00eas Allier de segundo uso e 6 meses em garrafa.<\/p>\n","protected":false},"featured_media":4872,"template":"","meta":{"site-sidebar-layout":"default","site-content-layout":"default","ast-main-header-display":"","ast-hfb-above-header-display":"","ast-hfb-below-header-display":"","ast-hfb-mobile-header-display":"","site-post-title":"","ast-breadcrumbs-content":"","ast-featured-img":"","footer-sml-layout":"","theme-transparent-header-meta":"default","adv-header-id-meta":"","stick-header-meta":"","header-above-stick-meta":"","header-main-stick-meta":"","header-below-stick-meta":""},"product_cat":[54],"product_tag":[],"aioseo_notices":[],"_links":{"self":[{"href":"https:\/\/wine.guiaonlinecursos.com.br\/index.php\/wp-json\/wp\/v2\/product\/4871"}],"collection":[{"href":"https:\/\/wine.guiaonlinecursos.com.br\/index.php\/wp-json\/wp\/v2\/product"}],"about":[{"href":"https:\/\/wine.guiaonlinecursos.com.br\/index.php\/wp-json\/wp\/v2\/types\/product"}],"wp:featuredmedia":[{"embeddable":true,"href":"https:\/\/wine.guiaonlinecursos.com.br\/index.php\/wp-json\/wp\/v2\/media\/4872"}],"wp:attachment":[{"href":"https:\/\/wine.guiaonlinecursos.com.br\/index.php\/wp-json\/wp\/v2\/media?parent=4871"}],"wp:term":[{"taxonomy":"product_cat","embeddable":true,"href":"https:\/\/wine.guiaonlinecursos.com.br\/index.php\/wp-json\/wp\/v2\/product_cat?post=4871"},{"taxonomy":"product_tag","embeddable":true,"href":"https:\/\/wine.guiaonlinecursos.com.br\/index.php\/wp-json\/wp\/v2\/product_tag?post=4871"}],"curies":[{"name":"wp","href":"https:\/\/api.w.org\/{rel}","templated":true}]}}