{"id":4876,"date":"2022-08-14T12:05:36","date_gmt":"2022-08-14T15:05:36","guid":{"rendered":"https:\/\/wine.guiaonlinecursos.com.br\/?post_type=product&#038;p=4876"},"modified":"2023-12-30T17:27:48","modified_gmt":"2023-12-30T20:27:48","slug":"laisla","status":"publish","type":"product","link":"https:\/\/wine.guiaonlinecursos.com.br\/index.php\/product\/laisla\/","title":{"rendered":"LaIsla"},"content":{"rendered":"<p>Peles grossas levam a taninos classicamente altos e fortes caracter\u00edsticas de frutas vermelhas e pretas no nariz e no paladar.<br \/>\nA uva \u00e9 origin\u00e1ria da Fran\u00e7a e \u00e9 uma das 5 uvas originais de Bordeaux. Composto qu\u00edmico na uva d\u00e1-lhe uma nota distinta de piment\u00e3o verde.<\/p>\n<p>Este vinho gosta de ser envelhecido em carvalho. Os t\u00e1xis chilenos geralmente envelhecem em carvalho americano por 1-2 anos, o que lhes d\u00e1 notas cl\u00e1ssicas de baunilha, especiarias e tabaco.<\/p>\n","protected":false},"excerpt":{"rendered":"<p>Peles grossas levam a taninos classicamente altos e fortes caracter\u00edsticas de frutas vermelhas e pretas no nariz e no paladar. A uva \u00e9 origin\u00e1ria da Fran\u00e7a e \u00e9 uma das 5 uvas originais de Bordeaux. Composto qu\u00edmico na uva d\u00e1-lhe uma nota distinta de piment\u00e3o verde. Este vinho gosta de ser envelhecido em carvalho. Os &hellip;<\/p>\n<p class=\"read-more\"> <a class=\"\" href=\"https:\/\/wine.guiaonlinecursos.com.br\/index.php\/product\/laisla\/\"> <span class=\"screen-reader-text\">LaIsla<\/span> Leia mais &raquo;<\/a><\/p>\n","protected":false},"featured_media":4877,"template":"","meta":{"site-sidebar-layout":"default","site-content-layout":"default","ast-main-header-display":"","ast-hfb-above-header-display":"","ast-hfb-below-header-display":"","ast-hfb-mobile-header-display":"","site-post-title":"","ast-breadcrumbs-content":"","ast-featured-img":"","footer-sml-layout":"","theme-transparent-header-meta":"default","adv-header-id-meta":"","stick-header-meta":"","header-above-stick-meta":"","header-main-stick-meta":"","header-below-stick-meta":""},"product_cat":[53],"product_tag":[],"aioseo_notices":[],"_links":{"self":[{"href":"https:\/\/wine.guiaonlinecursos.com.br\/index.php\/wp-json\/wp\/v2\/product\/4876"}],"collection":[{"href":"https:\/\/wine.guiaonlinecursos.com.br\/index.php\/wp-json\/wp\/v2\/product"}],"about":[{"href":"https:\/\/wine.guiaonlinecursos.com.br\/index.php\/wp-json\/wp\/v2\/types\/product"}],"wp:featuredmedia":[{"embeddable":true,"href":"https:\/\/wine.guiaonlinecursos.com.br\/index.php\/wp-json\/wp\/v2\/media\/4877"}],"wp:attachment":[{"href":"https:\/\/wine.guiaonlinecursos.com.br\/index.php\/wp-json\/wp\/v2\/media?parent=4876"}],"wp:term":[{"taxonomy":"product_cat","embeddable":true,"href":"https:\/\/wine.guiaonlinecursos.com.br\/index.php\/wp-json\/wp\/v2\/product_cat?post=4876"},{"taxonomy":"product_tag","embeddable":true,"href":"https:\/\/wine.guiaonlinecursos.com.br\/index.php\/wp-json\/wp\/v2\/product_tag?post=4876"}],"curies":[{"name":"wp","href":"https:\/\/api.w.org\/{rel}","templated":true}]}}