{"id":4883,"date":"2022-08-14T12:10:56","date_gmt":"2022-08-14T15:10:56","guid":{"rendered":"https:\/\/wine.guiaonlinecursos.com.br\/?post_type=product&#038;p=4883"},"modified":"2024-02-22T18:44:06","modified_gmt":"2024-02-22T21:44:06","slug":"cartuxa-branco","status":"publish","type":"product","link":"https:\/\/wine.guiaonlinecursos.com.br\/index.php\/product\/cartuxa-branco\/","title":{"rendered":"Cartuxa Branco"},"content":{"rendered":"<p>Colora\u00e7\u00e3o c\u00edtrica. Aroma delicado e fino, com notas de frutos c\u00edtricos e flores, sugest\u00f5es minerais. Suave, certo corpo, ligeiro ac\u00eddulo, boa profundidade e harmonia.<\/p>\n","protected":false},"excerpt":{"rendered":"<p>Colora\u00e7\u00e3o c\u00edtrica. Aroma delicado e fino, com notas de frutos c\u00edtricos e flores, sugest\u00f5es minerais. Suave, certo corpo, ligeiro ac\u00eddulo, boa profundidade e harmonia.<\/p>\n","protected":false},"featured_media":4884,"template":"","meta":{"site-sidebar-layout":"default","site-content-layout":"default","ast-main-header-display":"","ast-hfb-above-header-display":"","ast-hfb-below-header-display":"","ast-hfb-mobile-header-display":"","site-post-title":"","ast-breadcrumbs-content":"","ast-featured-img":"","footer-sml-layout":"","theme-transparent-header-meta":"default","adv-header-id-meta":"","stick-header-meta":"","header-above-stick-meta":"","header-main-stick-meta":"","header-below-stick-meta":""},"product_cat":[54],"product_tag":[],"aioseo_notices":[],"_links":{"self":[{"href":"https:\/\/wine.guiaonlinecursos.com.br\/index.php\/wp-json\/wp\/v2\/product\/4883"}],"collection":[{"href":"https:\/\/wine.guiaonlinecursos.com.br\/index.php\/wp-json\/wp\/v2\/product"}],"about":[{"href":"https:\/\/wine.guiaonlinecursos.com.br\/index.php\/wp-json\/wp\/v2\/types\/product"}],"wp:featuredmedia":[{"embeddable":true,"href":"https:\/\/wine.guiaonlinecursos.com.br\/index.php\/wp-json\/wp\/v2\/media\/4884"}],"wp:attachment":[{"href":"https:\/\/wine.guiaonlinecursos.com.br\/index.php\/wp-json\/wp\/v2\/media?parent=4883"}],"wp:term":[{"taxonomy":"product_cat","embeddable":true,"href":"https:\/\/wine.guiaonlinecursos.com.br\/index.php\/wp-json\/wp\/v2\/product_cat?post=4883"},{"taxonomy":"product_tag","embeddable":true,"href":"https:\/\/wine.guiaonlinecursos.com.br\/index.php\/wp-json\/wp\/v2\/product_tag?post=4883"}],"curies":[{"name":"wp","href":"https:\/\/api.w.org\/{rel}","templated":true}]}}