{"id":4910,"date":"2023-10-09T16:25:57","date_gmt":"2023-10-09T19:25:57","guid":{"rendered":"https:\/\/wine.guiaonlinecursos.com.br\/?post_type=product&#038;p=4910"},"modified":"2023-10-09T16:25:57","modified_gmt":"2023-10-09T19:25:57","slug":"coutada-velha-signature","status":"publish","type":"product","link":"https:\/\/wine.guiaonlinecursos.com.br\/index.php\/product\/coutada-velha-signature\/","title":{"rendered":"Coutada Velha Signature"},"content":{"rendered":"","protected":false},"excerpt":{"rendered":"<p>O Vinho Coutada Velha Signature 2020 foi produzido na vin\u00edcola Monte da Ravasqueira, sobretudo eleita a melhor de Portugal. Al\u00e9m disso, a vin\u00edcola \u00e9 propriedade parte do Grupo Jos\u00e9 de Mello desde 1943, um dos maiores grupos empresariais da Europa.<\/p>\n<p>No olfato, apresenta-se intenso j\u00e1 que conta com notas especiarias, cogumelos e trufas, al\u00e9m de fruta preta e talos frescos de espargos. Na prova, exibe uma eleg\u00e2ncia e frescura not\u00e1veis, assim como uma complexidade refinada. Desse modo, seu final \u00e9 harmonioso, constante e persistente.<\/p>\n<p>Esse vinho harmoniza bem com carnes gordas, pratos de ca\u00e7a e at\u00e9 mesmo com pratos de peixe assado no forno, bem como pode ser apreciado como aperitivo. A estimativa de guarda desse vinho \u00e9 de 10 anos, prometendo portanto um envelhecimento de qualidade.<\/p>\n","protected":false},"featured_media":4911,"template":"","meta":{"site-sidebar-layout":"default","site-content-layout":"default","ast-main-header-display":"","ast-hfb-above-header-display":"","ast-hfb-below-header-display":"","ast-hfb-mobile-header-display":"","site-post-title":"","ast-breadcrumbs-content":"","ast-featured-img":"","footer-sml-layout":"","theme-transparent-header-meta":"default","adv-header-id-meta":"","stick-header-meta":"","header-above-stick-meta":"","header-main-stick-meta":"","header-below-stick-meta":""},"product_cat":[54],"product_tag":[],"aioseo_notices":[],"_links":{"self":[{"href":"https:\/\/wine.guiaonlinecursos.com.br\/index.php\/wp-json\/wp\/v2\/product\/4910"}],"collection":[{"href":"https:\/\/wine.guiaonlinecursos.com.br\/index.php\/wp-json\/wp\/v2\/product"}],"about":[{"href":"https:\/\/wine.guiaonlinecursos.com.br\/index.php\/wp-json\/wp\/v2\/types\/product"}],"wp:featuredmedia":[{"embeddable":true,"href":"https:\/\/wine.guiaonlinecursos.com.br\/index.php\/wp-json\/wp\/v2\/media\/4911"}],"wp:attachment":[{"href":"https:\/\/wine.guiaonlinecursos.com.br\/index.php\/wp-json\/wp\/v2\/media?parent=4910"}],"wp:term":[{"taxonomy":"product_cat","embeddable":true,"href":"https:\/\/wine.guiaonlinecursos.com.br\/index.php\/wp-json\/wp\/v2\/product_cat?post=4910"},{"taxonomy":"product_tag","embeddable":true,"href":"https:\/\/wine.guiaonlinecursos.com.br\/index.php\/wp-json\/wp\/v2\/product_tag?post=4910"}],"curies":[{"name":"wp","href":"https:\/\/api.w.org\/{rel}","templated":true}]}}